{"id":853,"date":"2022-11-01T16:59:01","date_gmt":"2022-11-01T19:59:01","guid":{"rendered":"https:\/\/lourdesdistribuidora.com.ar\/wp\/?post_type=product&#038;p=853"},"modified":"2025-01-23T17:58:46","modified_gmt":"2025-01-23T20:58:46","slug":"fipromirex-cebo-insecticida-hormiguicida-500-gr","status":"publish","type":"product","link":"https:\/\/lourdesdistribuidora.com.ar\/wp\/?product=fipromirex-cebo-insecticida-hormiguicida-500-gr","title":{"rendered":"FIPROMIREX &#8211; CEBO Insecticida hormiguicida &#8211; 500 GR."},"content":{"rendered":"<p>FIPROMirex<br \/>\nInsecticida hormiguicida<br \/>\n\u25cf FI PRO MIREX Fipromirex es un insecticida de la<br \/>\nfamilia de los Fenilpirazoles que actua por contacto e<br \/>\ningesti\u00f3n, tiene efecto sbre el sistema nervioso central<br \/>\ninterfiriendo en la transmisi\u00f3n GABA (\u00e1cido gama<br \/>\namino but\u00ecrico) sobre los canales del i\u00f3n cloro.<br \/>\n\u25cf Es efectivo en el control de varias especies<br \/>\n(Hormiga minera, Isa\u00fa, negra del sud, negra com\u00fan,<br \/>\ncolorada e invasora)<br \/>\nPRESENTACIONES<\/p>\n<p>pack de 24 u. x 100 gr.<br \/>\npack de 48 u. x 250 gr.<\/p>\n","protected":false},"excerpt":{"rendered":"<p>FIPROMirex Insecticida hormiguicida \u25cf FI PRO MIREX Fipromirex es un insecticida de la familia de los Fenilpirazoles que actua por contacto e ingesti\u00f3n, tiene efecto sbre el sistema nervioso central interfiriendo en la transmisi\u00f3n GABA (\u00e1cido gama amino but\u00ecrico) sobre los canales del i\u00f3n cloro. \u25cf Es efectivo en el control de varias especies (Hormiga [&#8230;]\n","protected":false},"featured_media":436,"template":"","meta":{"_acf_changed":false},"pwb-brand":[88],"product_brand":[],"product_cat":[72,76],"product_tag":[],"class_list":{"0":"post-853","1":"product","2":"type-product","3":"status-publish","4":"has-post-thumbnail","6":"pwb-brand-huagro","7":"product_cat-hormiguicida","8":"product_cat-insecticida","10":"first","11":"instock","12":"taxable","13":"shipping-taxable","14":"product-type-simple"},"acf":[],"aioseo_notices":[],"brands":[{"id":88,"name":"Huagro","slug":"huagro"}],"_links":{"self":[{"href":"https:\/\/lourdesdistribuidora.com.ar\/wp\/index.php?rest_route=\/wp\/v2\/product\/853","targetHints":{"allow":["GET"]}}],"collection":[{"href":"https:\/\/lourdesdistribuidora.com.ar\/wp\/index.php?rest_route=\/wp\/v2\/product"}],"about":[{"href":"https:\/\/lourdesdistribuidora.com.ar\/wp\/index.php?rest_route=\/wp\/v2\/types\/product"}],"wp:featuredmedia":[{"embeddable":true,"href":"https:\/\/lourdesdistribuidora.com.ar\/wp\/index.php?rest_route=\/wp\/v2\/media\/436"}],"wp:attachment":[{"href":"https:\/\/lourdesdistribuidora.com.ar\/wp\/index.php?rest_route=%2Fwp%2Fv2%2Fmedia&parent=853"}],"wp:term":[{"taxonomy":"pwb-brand","embeddable":true,"href":"https:\/\/lourdesdistribuidora.com.ar\/wp\/index.php?rest_route=%2Fwp%2Fv2%2Fpwb-brand&post=853"},{"taxonomy":"product_brand","embeddable":true,"href":"https:\/\/lourdesdistribuidora.com.ar\/wp\/index.php?rest_route=%2Fwp%2Fv2%2Fproduct_brand&post=853"},{"taxonomy":"product_cat","embeddable":true,"href":"https:\/\/lourdesdistribuidora.com.ar\/wp\/index.php?rest_route=%2Fwp%2Fv2%2Fproduct_cat&post=853"},{"taxonomy":"product_tag","embeddable":true,"href":"https:\/\/lourdesdistribuidora.com.ar\/wp\/index.php?rest_route=%2Fwp%2Fv2%2Fproduct_tag&post=853"}],"curies":[{"name":"wp","href":"https:\/\/api.w.org\/{rel}","templated":true}]}}