{"id":858,"date":"2022-11-01T17:19:51","date_gmt":"2022-11-01T20:19:51","guid":{"rendered":"https:\/\/lourdesdistribuidora.com.ar\/wp\/?post_type=product&#038;p=858"},"modified":"2025-01-23T18:02:17","modified_gmt":"2025-01-23T21:02:17","slug":"hormix-polvo-hormiguicida-x-1-kg","status":"publish","type":"product","link":"https:\/\/lourdesdistribuidora.com.ar\/wp\/?product=hormix-polvo-hormiguicida-x-1-kg","title":{"rendered":"Hormix &#8211; polvo hormiguicida x 1 Kg."},"content":{"rendered":"<p>PRESENTACIONES<\/p>\n<p>Talquera de 250 gr.<br \/>\n(Pack x 12 unidades )<br \/>\n\u25cf Act\u00faa por contacto, inhalaci\u00f3n e ingesti\u00f3n.<\/p>\n<p>\u25cf Huagro Hormix L\u00edquido es un insecticida<br \/>\norganofosforado para combatir hormigas<br \/>\nmediante aplicaciones por rociado.<\/p>\n<p>Hormix &#8211; Polvo Hormiguicida<\/p>\n","protected":false},"excerpt":{"rendered":"<p>PRESENTACIONES Talquera de 250 gr. (Pack x 12 unidades ) \u25cf Act\u00faa por contacto, inhalaci\u00f3n e ingesti\u00f3n. \u25cf Huagro Hormix L\u00edquido es un insecticida organofosforado para combatir hormigas mediante aplicaciones por rociado. Hormix &#8211; Polvo Hormiguicida<\/p>\n","protected":false},"featured_media":439,"template":"","meta":{"_acf_changed":false},"pwb-brand":[88],"product_brand":[],"product_cat":[72],"product_tag":[],"class_list":{"0":"post-858","1":"product","2":"type-product","3":"status-publish","4":"has-post-thumbnail","6":"pwb-brand-huagro","7":"product_cat-hormiguicida","9":"first","10":"instock","11":"taxable","12":"shipping-taxable","13":"product-type-simple"},"acf":[],"aioseo_notices":[],"brands":[{"id":88,"name":"Huagro","slug":"huagro"}],"_links":{"self":[{"href":"https:\/\/lourdesdistribuidora.com.ar\/wp\/index.php?rest_route=\/wp\/v2\/product\/858","targetHints":{"allow":["GET"]}}],"collection":[{"href":"https:\/\/lourdesdistribuidora.com.ar\/wp\/index.php?rest_route=\/wp\/v2\/product"}],"about":[{"href":"https:\/\/lourdesdistribuidora.com.ar\/wp\/index.php?rest_route=\/wp\/v2\/types\/product"}],"wp:featuredmedia":[{"embeddable":true,"href":"https:\/\/lourdesdistribuidora.com.ar\/wp\/index.php?rest_route=\/wp\/v2\/media\/439"}],"wp:attachment":[{"href":"https:\/\/lourdesdistribuidora.com.ar\/wp\/index.php?rest_route=%2Fwp%2Fv2%2Fmedia&parent=858"}],"wp:term":[{"taxonomy":"pwb-brand","embeddable":true,"href":"https:\/\/lourdesdistribuidora.com.ar\/wp\/index.php?rest_route=%2Fwp%2Fv2%2Fpwb-brand&post=858"},{"taxonomy":"product_brand","embeddable":true,"href":"https:\/\/lourdesdistribuidora.com.ar\/wp\/index.php?rest_route=%2Fwp%2Fv2%2Fproduct_brand&post=858"},{"taxonomy":"product_cat","embeddable":true,"href":"https:\/\/lourdesdistribuidora.com.ar\/wp\/index.php?rest_route=%2Fwp%2Fv2%2Fproduct_cat&post=858"},{"taxonomy":"product_tag","embeddable":true,"href":"https:\/\/lourdesdistribuidora.com.ar\/wp\/index.php?rest_route=%2Fwp%2Fv2%2Fproduct_tag&post=858"}],"curies":[{"name":"wp","href":"https:\/\/api.w.org\/{rel}","templated":true}]}}