{"id":862,"date":"2022-11-01T17:26:29","date_gmt":"2022-11-01T20:26:29","guid":{"rendered":"https:\/\/lourdesdistribuidora.com.ar\/wp\/?post_type=product&#038;p=862"},"modified":"2025-01-23T17:57:05","modified_gmt":"2025-01-23T20:57:05","slug":"hormix-hormiguicida-liquido-x-500-cc","status":"publish","type":"product","link":"https:\/\/lourdesdistribuidora.com.ar\/wp\/?product=hormix-hormiguicida-liquido-x-500-cc","title":{"rendered":"Hormix &#8211; hormiguicida l\u00edquido x 500 cc"},"content":{"rendered":"<p>PRESENTACIONES<\/p>\n<p>Hormix &#8211; liquido<br \/>\nHormiguicida<br \/>\n\u25cf Huagro Hormix L\u00edquido es un<br \/>\ninsecticida organofosforado para combatir<br \/>\nhormigas mediante aplicaciones por<br \/>\nrociado.<br \/>\n\u25cf Act\u00faa por contacto, inhalaci\u00f3n e<br \/>\ningesti\u00f3n.<\/p>\n<p>pack de 24 u. x 60 cc.<br \/>\npack de 24 u. x 120 cc.<br \/>\npack de 12 u. x 250 cc.<br \/>\npack de 12 u. x 500 cc.<\/p>\n","protected":false},"excerpt":{"rendered":"<p>PRESENTACIONES Hormix &#8211; liquido Hormiguicida \u25cf Huagro Hormix L\u00edquido es un insecticida organofosforado para combatir hormigas mediante aplicaciones por rociado. \u25cf Act\u00faa por contacto, inhalaci\u00f3n e ingesti\u00f3n. pack de 24 u. x 60 cc. pack de 24 u. x 120 cc. pack de 12 u. x 250 cc. pack de 12 u. x 500 cc.<\/p>\n","protected":false},"featured_media":434,"template":"","meta":{"_acf_changed":false},"pwb-brand":[88],"product_brand":[],"product_cat":[72],"product_tag":[],"class_list":{"0":"post-862","1":"product","2":"type-product","3":"status-publish","4":"has-post-thumbnail","6":"pwb-brand-huagro","7":"product_cat-hormiguicida","9":"first","10":"instock","11":"taxable","12":"shipping-taxable","13":"product-type-simple"},"acf":[],"aioseo_notices":[],"brands":[{"id":88,"name":"Huagro","slug":"huagro"}],"_links":{"self":[{"href":"https:\/\/lourdesdistribuidora.com.ar\/wp\/index.php?rest_route=\/wp\/v2\/product\/862","targetHints":{"allow":["GET"]}}],"collection":[{"href":"https:\/\/lourdesdistribuidora.com.ar\/wp\/index.php?rest_route=\/wp\/v2\/product"}],"about":[{"href":"https:\/\/lourdesdistribuidora.com.ar\/wp\/index.php?rest_route=\/wp\/v2\/types\/product"}],"wp:featuredmedia":[{"embeddable":true,"href":"https:\/\/lourdesdistribuidora.com.ar\/wp\/index.php?rest_route=\/wp\/v2\/media\/434"}],"wp:attachment":[{"href":"https:\/\/lourdesdistribuidora.com.ar\/wp\/index.php?rest_route=%2Fwp%2Fv2%2Fmedia&parent=862"}],"wp:term":[{"taxonomy":"pwb-brand","embeddable":true,"href":"https:\/\/lourdesdistribuidora.com.ar\/wp\/index.php?rest_route=%2Fwp%2Fv2%2Fpwb-brand&post=862"},{"taxonomy":"product_brand","embeddable":true,"href":"https:\/\/lourdesdistribuidora.com.ar\/wp\/index.php?rest_route=%2Fwp%2Fv2%2Fproduct_brand&post=862"},{"taxonomy":"product_cat","embeddable":true,"href":"https:\/\/lourdesdistribuidora.com.ar\/wp\/index.php?rest_route=%2Fwp%2Fv2%2Fproduct_cat&post=862"},{"taxonomy":"product_tag","embeddable":true,"href":"https:\/\/lourdesdistribuidora.com.ar\/wp\/index.php?rest_route=%2Fwp%2Fv2%2Fproduct_tag&post=862"}],"curies":[{"name":"wp","href":"https:\/\/api.w.org\/{rel}","templated":true}]}}