{"id":882,"date":"2022-11-01T19:00:17","date_gmt":"2022-11-01T22:00:17","guid":{"rendered":"https:\/\/lourdesdistribuidora.com.ar\/wp\/?post_type=product&#038;p=882"},"modified":"2024-03-01T13:40:57","modified_gmt":"2024-03-01T16:40:57","slug":"hor-tal-evolucion-250-cc","status":"publish","type":"product","link":"https:\/\/lourdesdistribuidora.com.ar\/wp\/?product=hor-tal-evolucion-250-cc","title":{"rendered":"HOR-TAL  Evoluci\u00f3n &#8211; 250 cc"},"content":{"rendered":"<p>HOR-TAL Evoluci\u00f3n<\/p>\n<p>\u25cf HOR-TAL Evoluci\u00f3n es una suspensi\u00f3n<br \/>\nconcentrada,con Micropart\u00edculas Hor-tal.<br \/>\n\u25cf Es el producto recomendado para atacar<br \/>\ndirectamente al hormiguero y erradicarlo<br \/>\ndefinitivamente.<br \/>\n\u25cf No posee olor desagradable en la aplicaci\u00f3n<br \/>\nni la zona tratada, no posee hidrocarburos como<br \/>\nsolventes y su formulaci\u00f3n minimiza el impacto<br \/>\nambiental ya que evita el agregado, a la tierra,<br \/>\nde solventes en cada aplicaci\u00f3n. Se degrada<br \/>\nnaturalmente, por efectos de luz solar y<br \/>\nmicroorganismos.<\/p>\n<p>PRESENTACIONES<br \/>\n60 cc. (pack x 24 u.)<br \/>\n120 cc. (pack x 20 u.)<br \/>\n250 cc . (pack x 15 u.)<br \/>\n500 cc. (pack x 12 u.)<br \/>\n1 Lt. (pack x 6 u.)<br \/>\n5 Lt. x 1 unidad<\/p>\n","protected":false},"excerpt":{"rendered":"<p>HOR-TAL Evoluci\u00f3n \u25cf HOR-TAL Evoluci\u00f3n es una suspensi\u00f3n concentrada,con Micropart\u00edculas Hor-tal. \u25cf Es el producto recomendado para atacar directamente al hormiguero y erradicarlo definitivamente. \u25cf No posee olor desagradable en la aplicaci\u00f3n ni la zona tratada, no posee hidrocarburos como solventes y su formulaci\u00f3n minimiza el impacto ambiental ya que evita el agregado, a la [&#8230;]\n","protected":false},"featured_media":463,"template":"","meta":{"_acf_changed":false},"pwb-brand":[141],"product_brand":[],"product_cat":[72],"product_tag":[],"class_list":{"0":"post-882","1":"product","2":"type-product","3":"status-publish","4":"has-post-thumbnail","6":"pwb-brand-hortal","7":"product_cat-hormiguicida","9":"first","10":"instock","11":"taxable","12":"shipping-taxable","13":"product-type-simple"},"acf":[],"aioseo_notices":[],"brands":[{"id":141,"name":"Hortal","slug":"hortal"}],"_links":{"self":[{"href":"https:\/\/lourdesdistribuidora.com.ar\/wp\/index.php?rest_route=\/wp\/v2\/product\/882","targetHints":{"allow":["GET"]}}],"collection":[{"href":"https:\/\/lourdesdistribuidora.com.ar\/wp\/index.php?rest_route=\/wp\/v2\/product"}],"about":[{"href":"https:\/\/lourdesdistribuidora.com.ar\/wp\/index.php?rest_route=\/wp\/v2\/types\/product"}],"wp:featuredmedia":[{"embeddable":true,"href":"https:\/\/lourdesdistribuidora.com.ar\/wp\/index.php?rest_route=\/wp\/v2\/media\/463"}],"wp:attachment":[{"href":"https:\/\/lourdesdistribuidora.com.ar\/wp\/index.php?rest_route=%2Fwp%2Fv2%2Fmedia&parent=882"}],"wp:term":[{"taxonomy":"pwb-brand","embeddable":true,"href":"https:\/\/lourdesdistribuidora.com.ar\/wp\/index.php?rest_route=%2Fwp%2Fv2%2Fpwb-brand&post=882"},{"taxonomy":"product_brand","embeddable":true,"href":"https:\/\/lourdesdistribuidora.com.ar\/wp\/index.php?rest_route=%2Fwp%2Fv2%2Fproduct_brand&post=882"},{"taxonomy":"product_cat","embeddable":true,"href":"https:\/\/lourdesdistribuidora.com.ar\/wp\/index.php?rest_route=%2Fwp%2Fv2%2Fproduct_cat&post=882"},{"taxonomy":"product_tag","embeddable":true,"href":"https:\/\/lourdesdistribuidora.com.ar\/wp\/index.php?rest_route=%2Fwp%2Fv2%2Fproduct_tag&post=882"}],"curies":[{"name":"wp","href":"https:\/\/api.w.org\/{rel}","templated":true}]}}