{"id":889,"date":"2022-11-01T19:27:37","date_gmt":"2022-11-01T22:27:37","guid":{"rendered":"https:\/\/lourdesdistribuidora.com.ar\/wp\/?post_type=product&#038;p=889"},"modified":"2025-01-23T18:33:37","modified_gmt":"2025-01-23T21:33:37","slug":"veloxan-flyras-derribante-x-250-cc","status":"publish","type":"product","link":"https:\/\/lourdesdistribuidora.com.ar\/wp\/?product=veloxan-flyras-derribante-x-250-cc","title":{"rendered":"VELOXAN  FlyRas &#8211; Derribante x 250 cc"},"content":{"rendered":"<p>Derribante Veloxan FlyRas<\/p>\n<p>VeloXAN FLY RAS es un insecticida que posee un<br \/>\namplio espectro de acci\u00f3n, con gran poder de volteo,<br \/>\nacci\u00f3n residual, efecto de expulsi\u00f3n y repelencia.<br \/>\nPudiendo aplicarse en toda superficia, y sin olor, est\u00e1<br \/>\nformulado para su uso domestico en el interior y el<br \/>\nexterior del hogar. Es un producto de baja toxicidad<br \/>\npara humanos y animales<\/p>\n<p>PRESENTACIONES<\/p>\n<p>Packs de:<br \/>\n24 unid. x 15 cc.<br \/>\n24 unid. x 60 cc.<br \/>\n12 unid. x 250 cc.<br \/>\n6 unid. x 1 Lt..<\/p>\n","protected":false},"excerpt":{"rendered":"<p>Derribante Veloxan FlyRas VeloXAN FLY RAS es un insecticida que posee un amplio espectro de acci\u00f3n, con gran poder de volteo, acci\u00f3n residual, efecto de expulsi\u00f3n y repelencia. Pudiendo aplicarse en toda superficia, y sin olor, est\u00e1 formulado para su uso domestico en el interior y el exterior del hogar. Es un producto de baja [&#8230;]\n","protected":false},"featured_media":487,"template":"","meta":{"_acf_changed":false},"pwb-brand":[89],"product_brand":[],"product_cat":[76],"product_tag":[],"class_list":{"0":"post-889","1":"product","2":"type-product","3":"status-publish","4":"has-post-thumbnail","6":"pwb-brand-glacoxan","7":"product_cat-insecticida","9":"first","10":"instock","11":"taxable","12":"shipping-taxable","13":"product-type-simple"},"acf":[],"aioseo_notices":[],"brands":[{"id":89,"name":"Glacoxan","slug":"glacoxan"}],"_links":{"self":[{"href":"https:\/\/lourdesdistribuidora.com.ar\/wp\/index.php?rest_route=\/wp\/v2\/product\/889","targetHints":{"allow":["GET"]}}],"collection":[{"href":"https:\/\/lourdesdistribuidora.com.ar\/wp\/index.php?rest_route=\/wp\/v2\/product"}],"about":[{"href":"https:\/\/lourdesdistribuidora.com.ar\/wp\/index.php?rest_route=\/wp\/v2\/types\/product"}],"wp:featuredmedia":[{"embeddable":true,"href":"https:\/\/lourdesdistribuidora.com.ar\/wp\/index.php?rest_route=\/wp\/v2\/media\/487"}],"wp:attachment":[{"href":"https:\/\/lourdesdistribuidora.com.ar\/wp\/index.php?rest_route=%2Fwp%2Fv2%2Fmedia&parent=889"}],"wp:term":[{"taxonomy":"pwb-brand","embeddable":true,"href":"https:\/\/lourdesdistribuidora.com.ar\/wp\/index.php?rest_route=%2Fwp%2Fv2%2Fpwb-brand&post=889"},{"taxonomy":"product_brand","embeddable":true,"href":"https:\/\/lourdesdistribuidora.com.ar\/wp\/index.php?rest_route=%2Fwp%2Fv2%2Fproduct_brand&post=889"},{"taxonomy":"product_cat","embeddable":true,"href":"https:\/\/lourdesdistribuidora.com.ar\/wp\/index.php?rest_route=%2Fwp%2Fv2%2Fproduct_cat&post=889"},{"taxonomy":"product_tag","embeddable":true,"href":"https:\/\/lourdesdistribuidora.com.ar\/wp\/index.php?rest_route=%2Fwp%2Fv2%2Fproduct_tag&post=889"}],"curies":[{"name":"wp","href":"https:\/\/api.w.org\/{rel}","templated":true}]}}