{"id":912,"date":"2022-11-01T20:40:41","date_gmt":"2022-11-01T23:40:41","guid":{"rendered":"https:\/\/lourdesdistribuidora.com.ar\/wp\/?post_type=product&#038;p=912"},"modified":"2025-01-23T18:59:54","modified_gmt":"2025-01-23T21:59:54","slug":"fluido-triunfo-x-1-lt","status":"publish","type":"product","link":"https:\/\/lourdesdistribuidora.com.ar\/wp\/?product=fluido-triunfo-x-1-lt","title":{"rendered":"FLUIDO TRIUNFO x 1 Lt."},"content":{"rendered":"<p>FLUIDO TRIUNFO<\/p>\n<p>Fluido Triunfo es ideal para la<br \/>\ndesinfecci\u00f3n general y desodorizaci\u00f3n del<br \/>\nhogar, hospitales, centros de salud,<br \/>\ngeri\u00e1tricos, escuelas, f\u00e1bricas y lugares<br \/>\nde aglomeraci\u00f3n. Se puede aplicar sobre<br \/>\nazulejos, cer\u00e1micos, porcelanato, pisos<br \/>\nvin\u00edlicos, baldosas, baldosones, pisos de<br \/>\ncemento, pisos de cemento alisado,<br \/>\nm\u00e1rmol, pisos plastificados, acero<br \/>\ninoxidable y cualquier otra superficie<br \/>\nlavable.<br \/>\nCuando el uso sea sobre superficies que<br \/>\nestar\u00e1 en contacto con alimentos, se<br \/>\ndebe enjuagar con agua potable. Fluido<br \/>\nTriunfo elimina el 99,9% de Bacterias.<br \/>\n\u25cf Puede utilizarse puro o diluy\u00e9ndolo en<br \/>\nagua com\u00fan, echando el agua sobre el<br \/>\nfluido.<br \/>\n\u00daselo puro para desgrasadores y<br \/>\ndrenajes.<br \/>\nPara limpieza y desinfecci\u00f3n de pisos,<br \/>\nazulejos, lavatorios, inodoros, ba\u00f1eras,<br \/>\nmesadas, herramientas y superficies<br \/>\nvarias diluir 1 parte de producto en 5 de<br \/>\nagua.<br \/>\nPara mayor efectividad, usar puro.<br \/>\nEn todos los casos se recomienda dejar<br \/>\nactuar al producto como m\u00ednimo 10<br \/>\nminutos antes de enjuagar.<\/p>\n<p>PRESENTACIONES<br \/>\nPack x 12 botellas de 500 cc.<br \/>\nPack x 12 botellas de 1 Lt..<br \/>\nPack x 4 U. de 4 Lt<\/p>\n","protected":false},"excerpt":{"rendered":"<p>FLUIDO TRIUNFO Fluido Triunfo es ideal para la desinfecci\u00f3n general y desodorizaci\u00f3n del hogar, hospitales, centros de salud, geri\u00e1tricos, escuelas, f\u00e1bricas y lugares de aglomeraci\u00f3n. Se puede aplicar sobre azulejos, cer\u00e1micos, porcelanato, pisos vin\u00edlicos, baldosas, baldosones, pisos de cemento, pisos de cemento alisado, m\u00e1rmol, pisos plastificados, acero inoxidable y cualquier otra superficie lavable. Cuando el [&#8230;]\n","protected":false},"featured_media":563,"template":"","meta":{"_acf_changed":false},"pwb-brand":[102],"product_brand":[],"product_cat":[79],"product_tag":[],"class_list":{"0":"post-912","1":"product","2":"type-product","3":"status-publish","4":"has-post-thumbnail","6":"pwb-brand-feitolivari","7":"product_cat-desinfectante","9":"first","10":"instock","11":"taxable","12":"shipping-taxable","13":"product-type-simple"},"acf":[],"aioseo_notices":[],"brands":[{"id":102,"name":"Feit y Olivari","slug":"feitolivari"}],"_links":{"self":[{"href":"https:\/\/lourdesdistribuidora.com.ar\/wp\/index.php?rest_route=\/wp\/v2\/product\/912","targetHints":{"allow":["GET"]}}],"collection":[{"href":"https:\/\/lourdesdistribuidora.com.ar\/wp\/index.php?rest_route=\/wp\/v2\/product"}],"about":[{"href":"https:\/\/lourdesdistribuidora.com.ar\/wp\/index.php?rest_route=\/wp\/v2\/types\/product"}],"wp:featuredmedia":[{"embeddable":true,"href":"https:\/\/lourdesdistribuidora.com.ar\/wp\/index.php?rest_route=\/wp\/v2\/media\/563"}],"wp:attachment":[{"href":"https:\/\/lourdesdistribuidora.com.ar\/wp\/index.php?rest_route=%2Fwp%2Fv2%2Fmedia&parent=912"}],"wp:term":[{"taxonomy":"pwb-brand","embeddable":true,"href":"https:\/\/lourdesdistribuidora.com.ar\/wp\/index.php?rest_route=%2Fwp%2Fv2%2Fpwb-brand&post=912"},{"taxonomy":"product_brand","embeddable":true,"href":"https:\/\/lourdesdistribuidora.com.ar\/wp\/index.php?rest_route=%2Fwp%2Fv2%2Fproduct_brand&post=912"},{"taxonomy":"product_cat","embeddable":true,"href":"https:\/\/lourdesdistribuidora.com.ar\/wp\/index.php?rest_route=%2Fwp%2Fv2%2Fproduct_cat&post=912"},{"taxonomy":"product_tag","embeddable":true,"href":"https:\/\/lourdesdistribuidora.com.ar\/wp\/index.php?rest_route=%2Fwp%2Fv2%2Fproduct_tag&post=912"}],"curies":[{"name":"wp","href":"https:\/\/api.w.org\/{rel}","templated":true}]}}