{"id":947,"date":"2022-11-01T22:18:05","date_gmt":"2022-11-02T01:18:05","guid":{"rendered":"https:\/\/lourdesdistribuidora.com.ar\/wp\/?post_type=product&#038;p=947"},"modified":"2024-03-01T15:04:08","modified_gmt":"2024-03-01T18:04:08","slug":"glue-rats-x-4-lt","status":"publish","type":"product","link":"https:\/\/lourdesdistribuidora.com.ar\/wp\/?product=glue-rats-x-4-lt","title":{"rendered":"GLUE RATS x 4 Lt."},"content":{"rendered":"<p>GLUE RATS<\/p>\n<p>Pegamento para roedores &#8211; Calidad Premium &#8211;<br \/>\necol\u00f3gica sin venenos &#8211; Lata de 1 L<br \/>\nPuede ser colocada en el hogar, la industria,<br \/>\nhospitales, supermercados donde es conveniente<br \/>\nevitar el uso de sustancias t\u00f3xicas y contaminaci\u00f3n,<br \/>\ncomo as\u00ed tambi\u00e9n en silos, galpones y lugares de<br \/>\nalmacenamiento de todo tipo de mercader\u00edas<br \/>\ndonde se presenten problemas con esos<\/p>\n<p>PRESENTACIONES<\/p>\n<p>pack x 6 U. de 1 L<\/p>\n","protected":false},"excerpt":{"rendered":"<p>GLUE RATS Pegamento para roedores &#8211; Calidad Premium &#8211; ecol\u00f3gica sin venenos &#8211; Lata de 1 L Puede ser colocada en el hogar, la industria, hospitales, supermercados donde es conveniente evitar el uso de sustancias t\u00f3xicas y contaminaci\u00f3n, como as\u00ed tambi\u00e9n en silos, galpones y lugares de almacenamiento de todo tipo de mercader\u00edas donde se [&#8230;]\n","protected":false},"featured_media":657,"template":"","meta":{"_acf_changed":false},"pwb-brand":[105],"product_brand":[],"product_cat":[81],"product_tag":[],"class_list":{"0":"post-947","1":"product","2":"type-product","3":"status-publish","4":"has-post-thumbnail","6":"pwb-brand-abiquim","7":"product_cat-tramperas","9":"first","10":"instock","11":"taxable","12":"shipping-taxable","13":"product-type-simple"},"acf":[],"aioseo_notices":[],"brands":[{"id":105,"name":"Abiquim","slug":"abiquim"}],"_links":{"self":[{"href":"https:\/\/lourdesdistribuidora.com.ar\/wp\/index.php?rest_route=\/wp\/v2\/product\/947","targetHints":{"allow":["GET"]}}],"collection":[{"href":"https:\/\/lourdesdistribuidora.com.ar\/wp\/index.php?rest_route=\/wp\/v2\/product"}],"about":[{"href":"https:\/\/lourdesdistribuidora.com.ar\/wp\/index.php?rest_route=\/wp\/v2\/types\/product"}],"wp:featuredmedia":[{"embeddable":true,"href":"https:\/\/lourdesdistribuidora.com.ar\/wp\/index.php?rest_route=\/wp\/v2\/media\/657"}],"wp:attachment":[{"href":"https:\/\/lourdesdistribuidora.com.ar\/wp\/index.php?rest_route=%2Fwp%2Fv2%2Fmedia&parent=947"}],"wp:term":[{"taxonomy":"pwb-brand","embeddable":true,"href":"https:\/\/lourdesdistribuidora.com.ar\/wp\/index.php?rest_route=%2Fwp%2Fv2%2Fpwb-brand&post=947"},{"taxonomy":"product_brand","embeddable":true,"href":"https:\/\/lourdesdistribuidora.com.ar\/wp\/index.php?rest_route=%2Fwp%2Fv2%2Fproduct_brand&post=947"},{"taxonomy":"product_cat","embeddable":true,"href":"https:\/\/lourdesdistribuidora.com.ar\/wp\/index.php?rest_route=%2Fwp%2Fv2%2Fproduct_cat&post=947"},{"taxonomy":"product_tag","embeddable":true,"href":"https:\/\/lourdesdistribuidora.com.ar\/wp\/index.php?rest_route=%2Fwp%2Fv2%2Fproduct_tag&post=947"}],"curies":[{"name":"wp","href":"https:\/\/api.w.org\/{rel}","templated":true}]}}