{"id":965,"date":"2022-11-02T15:24:56","date_gmt":"2022-11-02T18:24:56","guid":{"rendered":"https:\/\/lourdesdistribuidora.com.ar\/wp\/?post_type=product&#038;p=965"},"modified":"2024-08-30T18:13:33","modified_gmt":"2024-08-30T21:13:33","slug":"fertifox-potenciado-x-1-lt","status":"publish","type":"product","link":"https:\/\/lourdesdistribuidora.com.ar\/wp\/?product=fertifox-potenciado-x-1-lt","title":{"rendered":"FERTIFOX POTENCIADO x 1 Lt."},"content":{"rendered":"<p>FERTIFOX POTENCIADO<\/p>\n<p>\u2022 Fertifox Potenciado es un fertilizante l\u00edquido con<br \/>\nhormona de crecimiento. Ideal para plantas debilitadas<br \/>\n(interior y exterior) y cultivos de alta exigencia (Bonsai,<br \/>\norqu\u00eddeas, cactus, c\u00edtricos, c\u00e9sped).<br \/>\nLa adecuada combinaci\u00f3n de nutrientes con hormonas<br \/>\nvegetales de Fertifox Potenciado genera que:<br \/>\n\u2022 Mejore la pigmentaci\u00f3n y textura de hojas y flores.<br \/>\n\u2022 Provea una alimentaci\u00f3n completa para todo tipo de<br \/>\nplantas.<br \/>\nModo de uso: Disolver 5 cc en 2 lts de agua y regar una<br \/>\nsuperficie de 1 mts2 (equivale a 10 macetas medianas)<br \/>\ncada 14 d\u00edas<br \/>\n\u2022 Incentive el crecimiento de ra\u00edces y brotes.<\/p>\n<p>PRESENTACIONES<br \/>\nPack 12 u. de 200 cc.<br \/>\nPack 6 u. de 1 Lt.<\/p>\n","protected":false},"excerpt":{"rendered":"<p>FERTIFOX POTENCIADO \u2022 Fertifox Potenciado es un fertilizante l\u00edquido con hormona de crecimiento. Ideal para plantas debilitadas (interior y exterior) y cultivos de alta exigencia (Bonsai, orqu\u00eddeas, cactus, c\u00edtricos, c\u00e9sped). La adecuada combinaci\u00f3n de nutrientes con hormonas vegetales de Fertifox Potenciado genera que: \u2022 Mejore la pigmentaci\u00f3n y textura de hojas y flores. \u2022 Provea [&#8230;]\n","protected":false},"featured_media":688,"template":"","meta":{"_acf_changed":false},"pwb-brand":[108],"product_brand":[],"product_cat":[84],"product_tag":[],"class_list":{"0":"post-965","1":"product","2":"type-product","3":"status-publish","4":"has-post-thumbnail","6":"pwb-brand-fertifox","7":"product_cat-fertilizantes","9":"first","10":"instock","11":"taxable","12":"shipping-taxable","13":"product-type-simple"},"acf":[],"aioseo_notices":[],"brands":[{"id":108,"name":"Fertifox","slug":"fertifox"}],"_links":{"self":[{"href":"https:\/\/lourdesdistribuidora.com.ar\/wp\/index.php?rest_route=\/wp\/v2\/product\/965","targetHints":{"allow":["GET"]}}],"collection":[{"href":"https:\/\/lourdesdistribuidora.com.ar\/wp\/index.php?rest_route=\/wp\/v2\/product"}],"about":[{"href":"https:\/\/lourdesdistribuidora.com.ar\/wp\/index.php?rest_route=\/wp\/v2\/types\/product"}],"wp:featuredmedia":[{"embeddable":true,"href":"https:\/\/lourdesdistribuidora.com.ar\/wp\/index.php?rest_route=\/wp\/v2\/media\/688"}],"wp:attachment":[{"href":"https:\/\/lourdesdistribuidora.com.ar\/wp\/index.php?rest_route=%2Fwp%2Fv2%2Fmedia&parent=965"}],"wp:term":[{"taxonomy":"pwb-brand","embeddable":true,"href":"https:\/\/lourdesdistribuidora.com.ar\/wp\/index.php?rest_route=%2Fwp%2Fv2%2Fpwb-brand&post=965"},{"taxonomy":"product_brand","embeddable":true,"href":"https:\/\/lourdesdistribuidora.com.ar\/wp\/index.php?rest_route=%2Fwp%2Fv2%2Fproduct_brand&post=965"},{"taxonomy":"product_cat","embeddable":true,"href":"https:\/\/lourdesdistribuidora.com.ar\/wp\/index.php?rest_route=%2Fwp%2Fv2%2Fproduct_cat&post=965"},{"taxonomy":"product_tag","embeddable":true,"href":"https:\/\/lourdesdistribuidora.com.ar\/wp\/index.php?rest_route=%2Fwp%2Fv2%2Fproduct_tag&post=965"}],"curies":[{"name":"wp","href":"https:\/\/api.w.org\/{rel}","templated":true}]}}