{"id":972,"date":"2022-11-02T15:37:47","date_gmt":"2022-11-02T18:37:47","guid":{"rendered":"https:\/\/lourdesdistribuidora.com.ar\/wp\/?post_type=product&#038;p=972"},"modified":"2025-01-23T19:27:33","modified_gmt":"2025-01-23T22:27:33","slug":"fertifox-hierro-liquido-x-500-cc","status":"publish","type":"product","link":"https:\/\/lourdesdistribuidora.com.ar\/wp\/?product=fertifox-hierro-liquido-x-500-cc","title":{"rendered":"FERTIFOX Hierro Liquido x 500 cc"},"content":{"rendered":"<p>fertifox hierro liquido<\/p>\n<p>Hierro l\u00edquido soluble Fertifox, corrige el<br \/>\namarillamiento de las hojas causado por clorosis<br \/>\nf\u00e9rrica, normalizando la producci\u00f3n de clorofila y<br \/>\nfavoreciendo la respiraci\u00f3n y divisi\u00f3n celular.<br \/>\n\u2022\u2022 Devuelve el color verde intenso, signo de salud<br \/>\nvegetal.<br \/>\n\u2022 Mejora el almacenamiento de alimentos.<br \/>\nModo de uso: 10 cm3 ( 1 tapa del envase ) en 2 litro<br \/>\nde agua y riegue una superficie de 1 m2 ( equivale a<br \/>\n10 macetas medianas ). Para plantines disuelva<br \/>\n10cm3 ( 1 tapa del envase ) en diez litros de agua.<\/p>\n<p>\u2022 Aumenta y favorece el crecimiento de las plantas.<\/p>\n<p>PRESENTACIONES<br \/>\nPack 6 U. x 140 cc.<br \/>\nPack 6 U. x 500 cc<\/p>\n","protected":false},"excerpt":{"rendered":"<p>fertifox hierro liquido Hierro l\u00edquido soluble Fertifox, corrige el amarillamiento de las hojas causado por clorosis f\u00e9rrica, normalizando la producci\u00f3n de clorofila y favoreciendo la respiraci\u00f3n y divisi\u00f3n celular. \u2022\u2022 Devuelve el color verde intenso, signo de salud vegetal. \u2022 Mejora el almacenamiento de alimentos. Modo de uso: 10 cm3 ( 1 tapa del envase [&#8230;]\n","protected":false},"featured_media":695,"template":"","meta":{"_acf_changed":false},"pwb-brand":[108],"product_brand":[],"product_cat":[84],"product_tag":[],"class_list":{"0":"post-972","1":"product","2":"type-product","3":"status-publish","4":"has-post-thumbnail","6":"pwb-brand-fertifox","7":"product_cat-fertilizantes","9":"first","10":"instock","11":"taxable","12":"shipping-taxable","13":"product-type-simple"},"acf":[],"aioseo_notices":[],"brands":[{"id":108,"name":"Fertifox","slug":"fertifox"}],"_links":{"self":[{"href":"https:\/\/lourdesdistribuidora.com.ar\/wp\/index.php?rest_route=\/wp\/v2\/product\/972","targetHints":{"allow":["GET"]}}],"collection":[{"href":"https:\/\/lourdesdistribuidora.com.ar\/wp\/index.php?rest_route=\/wp\/v2\/product"}],"about":[{"href":"https:\/\/lourdesdistribuidora.com.ar\/wp\/index.php?rest_route=\/wp\/v2\/types\/product"}],"wp:featuredmedia":[{"embeddable":true,"href":"https:\/\/lourdesdistribuidora.com.ar\/wp\/index.php?rest_route=\/wp\/v2\/media\/695"}],"wp:attachment":[{"href":"https:\/\/lourdesdistribuidora.com.ar\/wp\/index.php?rest_route=%2Fwp%2Fv2%2Fmedia&parent=972"}],"wp:term":[{"taxonomy":"pwb-brand","embeddable":true,"href":"https:\/\/lourdesdistribuidora.com.ar\/wp\/index.php?rest_route=%2Fwp%2Fv2%2Fpwb-brand&post=972"},{"taxonomy":"product_brand","embeddable":true,"href":"https:\/\/lourdesdistribuidora.com.ar\/wp\/index.php?rest_route=%2Fwp%2Fv2%2Fproduct_brand&post=972"},{"taxonomy":"product_cat","embeddable":true,"href":"https:\/\/lourdesdistribuidora.com.ar\/wp\/index.php?rest_route=%2Fwp%2Fv2%2Fproduct_cat&post=972"},{"taxonomy":"product_tag","embeddable":true,"href":"https:\/\/lourdesdistribuidora.com.ar\/wp\/index.php?rest_route=%2Fwp%2Fv2%2Fproduct_tag&post=972"}],"curies":[{"name":"wp","href":"https:\/\/api.w.org\/{rel}","templated":true}]}}